{"id":2,"date":"2015-07-17T19:18:06","date_gmt":"2015-07-17T17:18:06","guid":{"rendered":"http:\/\/www.on-tour.ch\/wordpress\/?page_id=2"},"modified":"2015-09-28T17:04:12","modified_gmt":"2015-09-28T15:04:12","slug":"beispiel-seite","status":"publish","type":"page","link":"http:\/\/www.on-tour.ch\/wordpress\/beispiel-seite\/","title":{"rendered":"Wir sind dann mal weg!"},"content":{"rendered":"<p dir=\"LTR\" align=\"LEFT\">Die Koffer sind gepackt, die Wohnung ger\u00e4umt und die Freunde verabschiedet. Am Freitag, 2. Oktober geht es f\u00fcr acht Monate auf Entdeckungstour durch (fast) die ganze Welt. Unser Abenteuer starten wir in Fortaleza, der Hauptstadt des Bundesstaates Cear\u00e1 im Nordosten von Brasilien.<\/p>\n<p dir=\"LTR\" align=\"LEFT\">Auf dieser Seite m\u00f6chten wir Euch an unserer Reise teilhaben lassen und \u00fcber die sch\u00f6nsten und spannendsten Momente berichten. Nat\u00fcrlich freuen wir uns auch auf Spannendes aus der Heimat, also schreibt uns ruhig Mal eine Email, wir werden uns bem\u00fchen, trotz Ferienstress zu antworten.<\/p>\n<p dir=\"LTR\" align=\"LEFT\">Bis Bald<\/p>\n<p dir=\"LTR\" align=\"LEFT\">Steffi und Michi<\/p>\n<p dir=\"LTR\" align=\"LEFT\"><a href=\"http:\/\/www.on-tour.ch\/wordpress\/wp-content\/uploads\/2015\/07\/foto_startseite.jpg\"><img loading=\"lazy\" decoding=\"async\" class=\"alignnone size-medium wp-image-117\" src=\"http:\/\/www.on-tour.ch\/wordpress\/wp-content\/uploads\/2015\/07\/foto_startseite-300x169.jpg\" alt=\"foto_startseite\" width=\"300\" height=\"169\" srcset=\"http:\/\/www.on-tour.ch\/wordpress\/wp-content\/uploads\/2015\/07\/foto_startseite-300x169.jpg 300w, http:\/\/www.on-tour.ch\/wordpress\/wp-content\/uploads\/2015\/07\/foto_startseite-1024x576.jpg 1024w, http:\/\/www.on-tour.ch\/wordpress\/wp-content\/uploads\/2015\/07\/foto_startseite.jpg 1920w\" sizes=\"auto, (max-width: 300px) 100vw, 300px\" \/><\/a><\/p>\n","protected":false},"excerpt":{"rendered":"<p>Die Koffer sind gepackt, die Wohnung ger\u00e4umt und die Freunde verabschiedet. Am Freitag, 2. Oktober geht es f\u00fcr acht Monate auf Entdeckungstour durch (fast) die ganze Welt. Unser Abenteuer starten wir in Fortaleza, der Hauptstadt des Bundesstaates Cear\u00e1 im Nordosten&hellip; <\/p>\n","protected":false},"author":1,"featured_media":0,"parent":0,"menu_order":0,"comment_status":"open","ping_status":"open","template":"","meta":{"ngg_post_thumbnail":0,"footnotes":""},"class_list":["post-2","page","type-page","status-publish","hentry"],"_links":{"self":[{"href":"http:\/\/www.on-tour.ch\/wordpress\/wp-json\/wp\/v2\/pages\/2","targetHints":{"allow":["GET"]}}],"collection":[{"href":"http:\/\/www.on-tour.ch\/wordpress\/wp-json\/wp\/v2\/pages"}],"about":[{"href":"http:\/\/www.on-tour.ch\/wordpress\/wp-json\/wp\/v2\/types\/page"}],"author":[{"embeddable":true,"href":"http:\/\/www.on-tour.ch\/wordpress\/wp-json\/wp\/v2\/users\/1"}],"replies":[{"embeddable":true,"href":"http:\/\/www.on-tour.ch\/wordpress\/wp-json\/wp\/v2\/comments?post=2"}],"version-history":[{"count":3,"href":"http:\/\/www.on-tour.ch\/wordpress\/wp-json\/wp\/v2\/pages\/2\/revisions"}],"predecessor-version":[{"id":118,"href":"http:\/\/www.on-tour.ch\/wordpress\/wp-json\/wp\/v2\/pages\/2\/revisions\/118"}],"wp:attachment":[{"href":"http:\/\/www.on-tour.ch\/wordpress\/wp-json\/wp\/v2\/media?parent=2"}],"curies":[{"name":"wp","href":"https:\/\/api.w.org\/{rel}","templated":true}]}}